{"id":2211,"date":"2025-01-27T14:39:12","date_gmt":"2025-01-27T13:39:12","guid":{"rendered":"https:\/\/nig-montagen.de\/?page_id=2211"},"modified":"2025-02-12T09:11:47","modified_gmt":"2025-02-12T08:11:47","slug":"imprint","status":"publish","type":"page","link":"https:\/\/nig-montagen.de\/en\/imprint\/","title":{"rendered":"Imprint"},"content":{"rendered":"\t\t<div data-elementor-type=\"wp-page\" data-elementor-id=\"2211\" class=\"elementor elementor-2211\" data-elementor-post-type=\"page\">\n\t\t\t\t<div class=\"elementor-element elementor-element-b17228e e-flex e-con-boxed e-con e-parent\" data-id=\"b17228e\" data-element_type=\"container\" data-e-type=\"container\" data-settings=\"{&quot;background_background&quot;:&quot;classic&quot;,&quot;jet_parallax_layout_list&quot;:[]}\">\n\t\t\t\t\t<div class=\"e-con-inner\">\n\t\t\t\t<div class=\"elementor-element elementor-element-7f0d852 elementor-widget__width-initial elementor-widget-tablet__width-inherit elementor-widget elementor-widget-heading\" data-id=\"7f0d852\" data-element_type=\"widget\" data-e-type=\"widget\" data-widget_type=\"heading.default\">\n\t\t\t\t<div class=\"elementor-widget-container\">\n\t\t\t\t\t<h1 class=\"elementor-heading-title elementor-size-default\">Imprint<\/h1>\t\t\t\t<\/div>\n\t\t\t\t<\/div>\n\t\t\t\t<div class=\"elementor-element elementor-element-0555919 elementor-widget__width-initial elementor-widget-tablet__width-inherit elementor-widget elementor-widget-text-editor\" data-id=\"0555919\" data-element_type=\"widget\" data-e-type=\"widget\" data-widget_type=\"text-editor.default\">\n\t\t\t\t<div class=\"elementor-widget-container\">\n\t\t\t\t\t\t\t\t\t<p>On this page we have summarised the mandatory legal information about our company for you.<\/p>\t\t\t\t\t\t\t\t<\/div>\n\t\t\t\t<\/div>\n\t\t\t\t\t<\/div>\n\t\t\t\t<\/div>\n\t\t<div class=\"elementor-element elementor-element-6baa524 e-flex e-con-boxed e-con e-parent\" data-id=\"6baa524\" data-element_type=\"container\" data-e-type=\"container\" data-settings=\"{&quot;jet_parallax_layout_list&quot;:[]}\">\n\t\t\t\t\t<div class=\"e-con-inner\">\n\t\t\t\t<div class=\"elementor-element elementor-element-f9a1607 elementor-widget elementor-widget-text-editor\" data-id=\"f9a1607\" data-element_type=\"widget\" data-e-type=\"widget\" data-widget_type=\"text-editor.default\">\n\t\t\t\t<div class=\"elementor-widget-container\">\n\t\t\t\t\t\t\t\t\t<p>NIG \u2013 Neuruppiner Industrieverlagerungs GmbH<br \/>Friedrich-B\u00fcckling-Stra\u00dfe 26<br \/>16816 Neuruppin<\/p><p>Commercial Register: HRB 7185 NP<br \/>Registration court: Amtsgericht Neuruppin<\/p><p><strong>Represented by:<\/strong><br \/>Richard M\u00fcller<\/p><h2>Contact<\/h2><p>Phone: +49 3391 40495100<br \/>Telefax: +49 3391 40495190<br \/>E-mail: kontakt@nig-montagen.de<\/p><h2>VAT ID<\/h2><p>Sales tax identification number according to Sect. 27 a of the Sales Tax Law:<br \/>DE814258414<\/p><h2>Invoices &amp; Accounting<\/h2><p>Tax ID: 052\/115\/01172<\/p><p>Please only use the following e-mail address for sending <strong>invoices<\/strong>: invoice@nig-montagen.de<\/p><p><strong>Payment reminders<\/strong> are received via: buchhaltung@nig-montagen.de<\/p><h2>Person responsible for editorial<\/h2><p>NIG \u2014 Neuruppiner Industrieverlagerungs GmbH<br \/>Friedrich-B\u00fcckling-Stra\u00dfe 26<br \/>16816 Neuruppin<\/p><p>pr@nig-montagen.de<\/p><h2>EU dispute resolution<\/h2><p>The European Commission provides a platform for online dispute resolution (ODR): <a href=\"https:\/\/ec.europa.eu\/consumers\/odr\/\" target=\"_blank\" rel=\"noopener noreferrer\">https:\/\/ec.europa.eu\/consumers\/odr\/<\/a>.<br \/>Our e-mail address can be found above in the site notice.<\/p><h2>Dispute resolution proceedings in front of a consumer arbitration board<\/h2><p>We are not willing or obliged to participate in dispute resolution proceedings in front of a consumer arbitration board.<\/p><h2>Limitation of liability<\/h2><p>The contents of this website are created with the greatest possible care. However, we do not guarantee the accuracy, completeness and timeliness of any content. The use of the contents of our website is expressly at the user\u2019s own risk. Contributions identified by name reflect the opinion of the respective author and not always the opinion of the provider. The mere use of our website does not constitute any contractual relationship between the user and NIG.<\/p><h2>External Links<\/h2><p>This website contains links to third-party websites (\u201cexternal links\u201d). These websites are subject to the liability of the respective operators. When the external links were first created, the provider checked the external content for any legal violations. At that time, no legal violations were apparent. We have no influence on the current and future design and content of the linked pages. The setting of external links does not mean that we adopt the contents behind the reference or link as our own. A constant control of the external links is not reasonable for us without concrete evidence of legal violations. However, if we become aware of any legal violations, such external links will be deleted immediately. Inform us.<\/p>\t\t\t\t\t\t\t\t<\/div>\n\t\t\t\t<\/div>\n\t\t\t\t\t<\/div>\n\t\t\t\t<\/div>\n\t\t\t\t<\/div>\n\t\t","protected":false},"excerpt":{"rendered":"<p>Imprint On this page we have summarised the mandatory legal information about our company for you. NIG \u2013 Neuruppiner Industrieverlagerungs GmbHFriedrich-B\u00fcckling-Stra\u00dfe 2616816 Neuruppin Commercial Register: HRB 7185 NPRegistration court: Amtsgericht Neuruppin Represented by:Richard M\u00fcller Contact Phone: +49 3391 40495100Telefax: +49 3391 40495190E-mail: kontakt@nig-montagen.de VAT ID Sales tax identification number according to Sect. 27 a of [&hellip;]<\/p>\n","protected":false},"author":2,"featured_media":0,"parent":0,"menu_order":0,"comment_status":"closed","ping_status":"closed","template":"","meta":{"footnotes":""},"class_list":["post-2211","page","type-page","status-publish","hentry"],"_links":{"self":[{"href":"https:\/\/nig-montagen.de\/en\/wp-json\/wp\/v2\/pages\/2211","targetHints":{"allow":["GET"]}}],"collection":[{"href":"https:\/\/nig-montagen.de\/en\/wp-json\/wp\/v2\/pages"}],"about":[{"href":"https:\/\/nig-montagen.de\/en\/wp-json\/wp\/v2\/types\/page"}],"author":[{"embeddable":true,"href":"https:\/\/nig-montagen.de\/en\/wp-json\/wp\/v2\/users\/2"}],"replies":[{"embeddable":true,"href":"https:\/\/nig-montagen.de\/en\/wp-json\/wp\/v2\/comments?post=2211"}],"version-history":[{"count":5,"href":"https:\/\/nig-montagen.de\/en\/wp-json\/wp\/v2\/pages\/2211\/revisions"}],"predecessor-version":[{"id":4686,"href":"https:\/\/nig-montagen.de\/en\/wp-json\/wp\/v2\/pages\/2211\/revisions\/4686"}],"wp:attachment":[{"href":"https:\/\/nig-montagen.de\/en\/wp-json\/wp\/v2\/media?parent=2211"}],"curies":[{"name":"wp","href":"https:\/\/api.w.org\/{rel}","templated":true}]}}